{"id":118,"date":"2016-06-09T20:09:09","date_gmt":"2016-06-09T19:09:09","guid":{"rendered":"http:\/\/www.snelec.fr\/?page_id=118"},"modified":"2016-06-30T13:33:11","modified_gmt":"2016-06-30T12:33:11","slug":"retro-ingenierie","status":"publish","type":"page","link":"https:\/\/www.snelec.fr\/index.php\/retro-ingenierie\/","title":{"rendered":"R\u00e9tro-ing\u00e9nierie"},"content":{"rendered":"<h2 class=\"p1\"><span class=\"s1\"> Aucune pi\u00e8ce n\u2019est irrempla\u00e7able !<\/span><\/h2>\n<p style=\"text-align: left;\"><div class=\"col-md-6\">\n<hr class=\"gw-spacing clearboth \" style=\"height: 20px\" \/>\n<ul class=\"arrow-list\"  style=\"margin-left: 12px;\">\n<li>Nous rempla\u00e7ons tous types de produits <strong>indisponibles<\/strong> par du mat\u00e9riel s\u2019ins\u00e9rant en <strong>lieu et place<\/strong>.<\/li>\n<li>Nous optimisons les <strong>performances<\/strong> et les\u00a0<strong>fonctionnalit\u00e9s<\/strong> de syst\u00e8mes <strong>obsol\u00e8tes<\/strong>,\u00a0en maintenant leur architecture (Retrofit).<\/li>\n<li>Nous utilisons des technologies et des composants garantissant une <strong>disponibilit\u00e9 \u00e0 long terme<\/strong> des produits.<\/li>\n<li>Nous \u00e9tablissons une <strong>documentation<\/strong> <strong>compl\u00e8te<\/strong> d\u00e9finissant int\u00e9gralement le syst\u00e8me : sch\u00e9mas, programmes, plans, BOM, PCB, description de fonctionnement, etc.<\/li>\n<\/ul><br \/>\n<\/div>\n<div class=\"col-md-6\">\n<hr class=\"gw-spacing clearboth \" style=\"height: 25px\" \/>\n<img loading=\"lazy\" decoding=\"async\" class=\"wp-image-124 size-full alignleft\" src=\"http:\/\/www.snelec.fr\/wp-content\/uploads\/2016\/06\/CDSC2931.png\" alt=\"CDSC2931\" width=\"324\" height=\"526\" srcset=\"https:\/\/www.snelec.fr\/wp-content\/uploads\/2016\/06\/CDSC2931.png 324w, https:\/\/www.snelec.fr\/wp-content\/uploads\/2016\/06\/CDSC2931-185x300.png 185w\" sizes=\"(max-width: 324px) 100vw, 324px\" \/><br \/>\n<\/div>\n<hr class=\"gw-spacing clearboth \" style=\"height: 25px\" \/>\n<div class=\"col-md-6\">\n<img loading=\"lazy\" decoding=\"async\" class=\"alignnone size-full wp-image-305\" src=\"http:\/\/www.snelec.fr\/wp-content\/uploads\/2016\/06\/P1010953_bicromed.jpg\" alt=\"P1010953_bicromed\" width=\"344\" height=\"230\" srcset=\"https:\/\/www.snelec.fr\/wp-content\/uploads\/2016\/06\/P1010953_bicromed.jpg 344w, https:\/\/www.snelec.fr\/wp-content\/uploads\/2016\/06\/P1010953_bicromed-300x201.jpg 300w\" sizes=\"(max-width: 344px) 100vw, 344px\" \/><br \/>\n<\/div>\n<div class=\"col-md-6\">\n<img loading=\"lazy\" decoding=\"async\" class=\"alignnone size-full wp-image-303\" src=\"http:\/\/www.snelec.fr\/wp-content\/uploads\/2016\/06\/P1010955_bicromed.jpg\" alt=\"P1010955_bicromed\" width=\"344\" height=\"230\" srcset=\"https:\/\/www.snelec.fr\/wp-content\/uploads\/2016\/06\/P1010955_bicromed.jpg 344w, https:\/\/www.snelec.fr\/wp-content\/uploads\/2016\/06\/P1010955_bicromed-300x201.jpg 300w\" sizes=\"(max-width: 344px) 100vw, 344px\" \/><br \/>\n<\/div>\n","protected":false},"excerpt":{"rendered":"<p>Aucune pi\u00e8ce n\u2019est irrempla\u00e7able !<\/p>\n","protected":false},"author":2,"featured_media":0,"parent":0,"menu_order":4,"comment_status":"closed","ping_status":"closed","template":"","meta":{"footnotes":""},"_links":{"self":[{"href":"https:\/\/www.snelec.fr\/index.php\/wp-json\/wp\/v2\/pages\/118"}],"collection":[{"href":"https:\/\/www.snelec.fr\/index.php\/wp-json\/wp\/v2\/pages"}],"about":[{"href":"https:\/\/www.snelec.fr\/index.php\/wp-json\/wp\/v2\/types\/page"}],"author":[{"embeddable":true,"href":"https:\/\/www.snelec.fr\/index.php\/wp-json\/wp\/v2\/users\/2"}],"replies":[{"embeddable":true,"href":"https:\/\/www.snelec.fr\/index.php\/wp-json\/wp\/v2\/comments?post=118"}],"version-history":[{"count":25,"href":"https:\/\/www.snelec.fr\/index.php\/wp-json\/wp\/v2\/pages\/118\/revisions"}],"predecessor-version":[{"id":394,"href":"https:\/\/www.snelec.fr\/index.php\/wp-json\/wp\/v2\/pages\/118\/revisions\/394"}],"wp:attachment":[{"href":"https:\/\/www.snelec.fr\/index.php\/wp-json\/wp\/v2\/media?parent=118"}],"curies":[{"name":"wp","href":"https:\/\/api.w.org\/{rel}","templated":true}]}}