{"id":12,"date":"2016-06-09T12:55:38","date_gmt":"2016-06-09T11:55:38","guid":{"rendered":"http:\/\/www.snelec.fr\/?page_id=12"},"modified":"2020-04-27T20:29:01","modified_gmt":"2020-04-27T19:29:01","slug":"contact","status":"publish","type":"page","link":"https:\/\/www.snelec.fr\/index.php\/contact\/","title":{"rendered":"Contact"},"content":{"rendered":"<h2>Une question ?<\/h2>\n<hr class=\"gw-spacing clearboth \" style=\"height: 15px\" \/>\n<p>Pour toute information, veuillez nous contacter directement via ce formulaire ou au num\u00e9ro de t\u00e9l\u00e9phone ci-contre.<\/p>\n<hr class=\"gw-spacing clearboth \" style=\"height: 30px\" \/>\n<div role=\"form\" class=\"wpcf7\" id=\"wpcf7-f7-o1\" lang=\"fr-FR\" dir=\"ltr\">\n<div class=\"screen-reader-response\"><\/div>\n<form action=\"\/index.php\/wp-json\/wp\/v2\/pages\/12#wpcf7-f7-o1\" method=\"post\" class=\"wpcf7-form\" novalidate=\"novalidate\">\n<div style=\"display: none;\">\n<input type=\"hidden\" name=\"_wpcf7\" value=\"7\" \/>\n<input type=\"hidden\" name=\"_wpcf7_version\" value=\"5.1.7\" \/>\n<input type=\"hidden\" name=\"_wpcf7_locale\" value=\"fr_FR\" \/>\n<input type=\"hidden\" name=\"_wpcf7_unit_tag\" value=\"wpcf7-f7-o1\" \/>\n<input type=\"hidden\" name=\"_wpcf7_container_post\" value=\"0\" \/>\n<\/div>\n<p><label for=\"gw-name\">Nom <span class=\"required\">*<\/span><\/label><span class=\"wpcf7-form-control-wrap name\"><span class=\"wpcf7-form-control-wrap Nom_contact\"><input type=\"text\" name=\"Nom_contact\" value=\"\" size=\"40\" class=\"wpcf7-form-control wpcf7-text wpcf7-validates-as-required\" aria-required=\"true\" aria-invalid=\"false\" \/><\/span><\/p>\n<p><label for=\"gw-email\">Email <span class=\"required\">*<\/span><\/label><span class=\"wpcf7-form-control-wrap email\"><span class=\"wpcf7-form-control-wrap email_contact\"><input type=\"email\" name=\"email_contact\" value=\"\" size=\"40\" class=\"wpcf7-form-control wpcf7-text wpcf7-email wpcf7-validates-as-required wpcf7-validates-as-email\" aria-required=\"true\" aria-invalid=\"false\" \/><\/span><\/p>\n<p><label for=\"gw-subject\">Sujet<\/label><span class=\"wpcf7-form-control-wrap subject\"><span class=\"wpcf7-form-control-wrap sujet_client\"><input type=\"text\" name=\"sujet_client\" value=\"\" size=\"40\" class=\"wpcf7-form-control wpcf7-text\" aria-invalid=\"false\" \/><\/span><\/p>\n<p><label for=\"gw-message\">Message <span class=\"required\">*<\/span><\/label><span class=\"wpcf7-form-control-wrap message\"><span class=\"wpcf7-form-control-wrap message_client\"><textarea name=\"message_client\" cols=\"40\" rows=\"10\" class=\"wpcf7-form-control wpcf7-textarea wpcf7-validates-as-required\" aria-required=\"true\" aria-invalid=\"false\"><\/textarea><\/span><\/p>\n<p class=\"wpcf7-button-margin\"><input type=\"submit\" value=\"Envoyer\" class=\"wpcf7-form-control wpcf7-submit\"><img decoding=\"async\" class=\"ajax-loader\" src=\"http:\/\/goldenworks.eu\/demos\/ht_wordpress\/wp-content\/plugins\/contact-form-7\/images\/ajax-loader.gif\" alt=\"Envoi...\" style=\"visibility: hidden;\"><\/p>\n<div class=\"wpcf7-response-output wpcf7-display-none\"><\/div><\/form><\/div>\n","protected":false},"excerpt":{"rendered":"<p>Une question ? Pour toute information, veuillez nous contacter directement via ce formulaire ou au num\u00e9ro de t\u00e9l\u00e9phone ci-contre.<\/p>\n","protected":false},"author":2,"featured_media":0,"parent":0,"menu_order":6,"comment_status":"closed","ping_status":"closed","template":"template-contact.php","meta":{"footnotes":""},"_links":{"self":[{"href":"https:\/\/www.snelec.fr\/index.php\/wp-json\/wp\/v2\/pages\/12"}],"collection":[{"href":"https:\/\/www.snelec.fr\/index.php\/wp-json\/wp\/v2\/pages"}],"about":[{"href":"https:\/\/www.snelec.fr\/index.php\/wp-json\/wp\/v2\/types\/page"}],"author":[{"embeddable":true,"href":"https:\/\/www.snelec.fr\/index.php\/wp-json\/wp\/v2\/users\/2"}],"replies":[{"embeddable":true,"href":"https:\/\/www.snelec.fr\/index.php\/wp-json\/wp\/v2\/comments?post=12"}],"version-history":[{"count":36,"href":"https:\/\/www.snelec.fr\/index.php\/wp-json\/wp\/v2\/pages\/12\/revisions"}],"predecessor-version":[{"id":421,"href":"https:\/\/www.snelec.fr\/index.php\/wp-json\/wp\/v2\/pages\/12\/revisions\/421"}],"wp:attachment":[{"href":"https:\/\/www.snelec.fr\/index.php\/wp-json\/wp\/v2\/media?parent=12"}],"curies":[{"name":"wp","href":"https:\/\/api.w.org\/{rel}","templated":true}]}}