{"id":2,"date":"2016-06-09T08:17:39","date_gmt":"2016-06-09T07:17:39","guid":{"rendered":"http:\/\/www.snelec.fr\/?page_id=2"},"modified":"2016-06-23T11:51:13","modified_gmt":"2016-06-23T10:51:13","slug":"accueil","status":"publish","type":"page","link":"https:\/\/www.snelec.fr\/","title":{"rendered":"Accueil"},"content":{"rendered":"<h3>Une structure souple et r\u00e9active r\u00e9pond \u00e0 tous vos besoins :<\/h3>\n<hr class=\"gw-spacing clearboth \" style=\"height: 20px\" \/>\n<div class=\"service-block\"><div class=\"service-iconbg\"><img decoding=\"async\" src=\"http:\/\/snelec.fr\/wp-content\/themes\/hubtechnologies\/images\/icon1.png\" class=\"service-img\" alt=\"Instruments de mesure\" \/><\/div><div class=\"sb-content\">\n<h5>Instruments de mesure<\/h5>\n<p>Nous fournissons toute une gamme d&rsquo;indicateurs r\u00e9pondant aux normes ferroviaires pour mat\u00e9riel embarqu\u00e9.<\/p>\n<p>Technologie analogique ou num\u00e9rique, affichage de la tension, du courant, de l&rsquo;effort, de la vitesse&#8230;<\/p>\n<p>Vous trouverez \u00e0 coup s\u00fbr celui qu&rsquo;il vous faut !<\/p>\n<hr class=\"gw-spacing clearboth \" style=\"height: 15px\" \/>\n<a href=\"http:\/\/www.snelec.fr\/index.php\/instruments-de-mesure\/\" class=\"gw-btn gwb-black-border\" >en savoir plus<\/a>\n<\/div><\/div>\n<hr class=\"gw-spacing clearboth \" style=\"height: 20px\" \/>\n<div class=\"service-block\"><div class=\"service-iconbg\"><img decoding=\"async\" src=\"http:\/\/snelec.fr\/wp-content\/themes\/hubtechnologies\/images\/icon2.png\" class=\"service-img\" alt=\"Recherche et d\u00e9veloppement\" \/><\/div><div class=\"sb-content\">\n<h5>Recherche et d\u00e9veloppement<\/h5>\n<p>Nous d\u00e9veloppons vos nouveaux produits en tenant compte des contraintes de l&rsquo;industrie ferroviaire.<\/p>\n<p>Notre prestation couvre la conception, la r\u00e9alisation de prototypes, la mise en service sur site d&rsquo;exploitation et la production.<\/p>\n<hr class=\"gw-spacing clearboth \" style=\"height: 15px\" \/>\n<a href=\"http:\/\/www.snelec.fr\/index.php\/recherche-et-developpement\/\" class=\"gw-btn gwb-black-border\" >en savoir plus<\/a>\n<\/div><\/div>\n<hr class=\"gw-spacing clearboth \" style=\"height: 20px\" \/>\n<div class=\"service-block\"><div class=\"service-iconbg\"><img decoding=\"async\" src=\"http:\/\/snelec.fr\/wp-content\/themes\/hubtechnologies\/images\/icon3.png\" class=\"service-img\" alt=\"R\u00e9tro-ing\u00e9nierie\" \/><\/div><div class=\"sb-content\">\n<h5>R\u00e9tro-ing\u00e9nierie<\/h5>\n<p>Un produit est obsol\u00e8te, introuvable sur le march\u00e9, insuffisamment document\u00e9 ?<\/p>\n<p>Nous pouvons l&rsquo;analyser et en d\u00e9terminer le fonctionnement, l&rsquo;am\u00e9liorer, le reproduire : aucune pi\u00e8ce n&rsquo;est irrempla\u00e7able !<\/p>\n<hr class=\"gw-spacing clearboth \" style=\"height: 15px\" \/>\n<a href=\"http:\/\/www.snelec.fr\/index.php\/retro-ingenierie\/\" class=\"gw-btn gwb-black-border\" >en savoir plus<\/a>\n<\/div><\/div>\n","protected":false},"excerpt":{"rendered":"<p>Une structure souple et r\u00e9active r\u00e9pond \u00e0 tous vos besoins :<\/p>\n","protected":false},"author":1,"featured_media":0,"parent":0,"menu_order":0,"comment_status":"closed","ping_status":"closed","template":"template-homepage.php","meta":{"footnotes":""},"_links":{"self":[{"href":"https:\/\/www.snelec.fr\/index.php\/wp-json\/wp\/v2\/pages\/2"}],"collection":[{"href":"https:\/\/www.snelec.fr\/index.php\/wp-json\/wp\/v2\/pages"}],"about":[{"href":"https:\/\/www.snelec.fr\/index.php\/wp-json\/wp\/v2\/types\/page"}],"author":[{"embeddable":true,"href":"https:\/\/www.snelec.fr\/index.php\/wp-json\/wp\/v2\/users\/1"}],"replies":[{"embeddable":true,"href":"https:\/\/www.snelec.fr\/index.php\/wp-json\/wp\/v2\/comments?post=2"}],"version-history":[{"count":54,"href":"https:\/\/www.snelec.fr\/index.php\/wp-json\/wp\/v2\/pages\/2\/revisions"}],"predecessor-version":[{"id":314,"href":"https:\/\/www.snelec.fr\/index.php\/wp-json\/wp\/v2\/pages\/2\/revisions\/314"}],"wp:attachment":[{"href":"https:\/\/www.snelec.fr\/index.php\/wp-json\/wp\/v2\/media?parent=2"}],"curies":[{"name":"wp","href":"https:\/\/api.w.org\/{rel}","templated":true}]}}