{"id":27,"date":"2016-06-09T15:09:57","date_gmt":"2016-06-09T14:09:57","guid":{"rendered":"http:\/\/www.snelec.fr\/?page_id=27"},"modified":"2020-04-27T20:38:35","modified_gmt":"2020-04-27T19:38:35","slug":"instruments-de-mesure","status":"publish","type":"page","link":"https:\/\/www.snelec.fr\/index.php\/instruments-de-mesure\/","title":{"rendered":"Instruments de mesure"},"content":{"rendered":"<div class=\"col-md-6\">\n<h1 class=\"p1\"><span class=\"s1\">Analogiques<\/span><\/h1>\n<hr class=\"gw-spacing clearboth \" style=\"height: 20px\" \/>\n<h5>Plus de 100 r\u00e9f\u00e9rences au catalogue<\/h5>\n<hr class=\"gw-spacing clearboth \" style=\"height: 10px\" \/><ul class=\"arrow-list\"  style=\"margin-left: 12px;\"><li>Voltm\u00e8tres<\/li><li>Amp\u00e8rem\u00e8tres<\/li><li>Indicateurs de vitesse impos\u00e9e<\/li><li>Indicateurs d\u2019effort<\/li><\/ul><br \/><\/div>\n<div class=\"col-md-6\"><img loading=\"lazy\" decoding=\"async\" class=\"alignnone size-full wp-image-228\" src=\"http:\/\/www.snelec.fr\/wp-content\/uploads\/2016\/06\/InstMesure_Analogique.jpg\" alt=\"InstMesure_Analogique\" width=\"344\" height=\"344\" srcset=\"https:\/\/www.snelec.fr\/wp-content\/uploads\/2016\/06\/InstMesure_Analogique.jpg 344w, https:\/\/www.snelec.fr\/wp-content\/uploads\/2016\/06\/InstMesure_Analogique-150x150.jpg 150w, https:\/\/www.snelec.fr\/wp-content\/uploads\/2016\/06\/InstMesure_Analogique-300x300.jpg 300w, https:\/\/www.snelec.fr\/wp-content\/uploads\/2016\/06\/InstMesure_Analogique-60x60.jpg 60w, https:\/\/www.snelec.fr\/wp-content\/uploads\/2016\/06\/InstMesure_Analogique-100x100.jpg 100w\" sizes=\"(max-width: 344px) 100vw, 344px\" \/><br \/><\/div>\n<hr class=\"gw-spacing clearboth \" style=\"height: 20px\" \/>\n<div class=\"col-md-6\"><img loading=\"lazy\" decoding=\"async\" class=\"alignnone size-full wp-image-286\" src=\"http:\/\/www.snelec.fr\/wp-content\/uploads\/2016\/06\/InstMesure_Numerique.jpg\" alt=\"InstMesure_Numerique\" width=\"344\" height=\"149\" srcset=\"https:\/\/www.snelec.fr\/wp-content\/uploads\/2016\/06\/InstMesure_Numerique.jpg 344w, https:\/\/www.snelec.fr\/wp-content\/uploads\/2016\/06\/InstMesure_Numerique-300x130.jpg 300w\" sizes=\"(max-width: 344px) 100vw, 344px\" \/><br \/><\/div>\n<div class=\"col-md-6\">\n<h1 class=\"p1\"><span class=\"s1\">Num\u00e9riques<\/span><\/h1>\n<hr class=\"gw-spacing clearboth \" style=\"height: 20px\" \/><ul class=\"arrow-list\"  style=\"margin-left: 12px;\"><li>Pr\u00e9cision am\u00e9lior\u00e9e (1 digit)<\/li><li>Double lecture alliant confort et pr\u00e9cision<\/li><li>Interfa\u00e7age en fr\u00e9quence, 4-20mA, RS232, RS485, CAN, etc<\/li><li>Options possibles : alarme, relais, etc<\/li><\/ul><br \/><\/div>\n\n\n<p><\/p>\n","protected":false},"excerpt":{"rendered":"","protected":false},"author":2,"featured_media":0,"parent":0,"menu_order":1,"comment_status":"closed","ping_status":"closed","template":"","meta":{"footnotes":""},"_links":{"self":[{"href":"https:\/\/www.snelec.fr\/index.php\/wp-json\/wp\/v2\/pages\/27"}],"collection":[{"href":"https:\/\/www.snelec.fr\/index.php\/wp-json\/wp\/v2\/pages"}],"about":[{"href":"https:\/\/www.snelec.fr\/index.php\/wp-json\/wp\/v2\/types\/page"}],"author":[{"embeddable":true,"href":"https:\/\/www.snelec.fr\/index.php\/wp-json\/wp\/v2\/users\/2"}],"replies":[{"embeddable":true,"href":"https:\/\/www.snelec.fr\/index.php\/wp-json\/wp\/v2\/comments?post=27"}],"version-history":[{"count":42,"href":"https:\/\/www.snelec.fr\/index.php\/wp-json\/wp\/v2\/pages\/27\/revisions"}],"predecessor-version":[{"id":425,"href":"https:\/\/www.snelec.fr\/index.php\/wp-json\/wp\/v2\/pages\/27\/revisions\/425"}],"wp:attachment":[{"href":"https:\/\/www.snelec.fr\/index.php\/wp-json\/wp\/v2\/media?parent=27"}],"curies":[{"name":"wp","href":"https:\/\/api.w.org\/{rel}","templated":true}]}}